{"id":753,"date":"2025-07-29T22:13:50","date_gmt":"2025-07-29T22:13:50","guid":{"rendered":"https:\/\/bayviewpartners.ca\/availability\/"},"modified":"2025-08-03T16:56:20","modified_gmt":"2025-08-03T16:56:20","slug":"availability","status":"publish","type":"page","link":"https:\/\/bayviewpartners.ca\/fr\/availability\/","title":{"rendered":"Disponibilit\u00e9s"},"content":{"rendered":"<div class=\"wpb-content-wrapper\"><p>[vc_row css_animation=\u00a0\u00bb\u00a0\u00bb row_type=\u00a0\u00bbrow\u00a0\u00bb use_row_as_full_screen_section=\u00a0\u00bbno\u00a0\u00bb type=\u00a0\u00bbfull_width\u00a0\u00bb angled_section=\u00a0\u00bbno\u00a0\u00bb text_align=\u00a0\u00bbleft\u00a0\u00bb background_image_as_pattern=\u00a0\u00bbwithout_pattern\u00a0\u00bb css=\u00a0\u00bb.vc_custom_1730987099353{padding-bottom: 50px !important;background-color: #F6F6F6 !important;}\u00a0\u00bb z_index=\u00a0\u00bb\u00a0\u00bb][vc_column][vc_row_inner row_type=\u00a0\u00bbrow\u00a0\u00bb type=\u00a0\u00bbgrid\u00a0\u00bb text_align=\u00a0\u00bbleft\u00a0\u00bb css_animation=\u00a0\u00bb\u00a0\u00bb][vc_column_inner width=\u00a0\u00bb1\/4&Prime;][\/vc_column_inner][vc_column_inner width=\u00a0\u00bb1\/2&Prime;][vc_column_text css=\u00a0\u00bb\u00a0\u00bb]<\/p>\n<h2 style=\"text-align: center;\">Disponibilit\u00e9s<\/h2>\n<p>[\/vc_column_text][vc_separator type=\u00a0\u00bbsmall\u00a0\u00bb position=\u00a0\u00bbcenter\u00a0\u00bb color=\u00a0\u00bb#000000&Prime; thickness=\u00a0\u00bb4&Prime; el_class=\u00a0\u00bbseparator-animate\u00a0\u00bb][\/vc_column_inner][vc_column_inner width=\u00a0\u00bb1\/4&Prime;][\/vc_column_inner][\/vc_row_inner][\/vc_column][\/vc_row][vc_row css_animation=\u00a0\u00bb\u00a0\u00bb row_type=\u00a0\u00bbrow\u00a0\u00bb use_row_as_full_screen_section=\u00a0\u00bbno\u00a0\u00bb type=\u00a0\u00bbfull_width\u00a0\u00bb angled_section=\u00a0\u00bbno\u00a0\u00bb text_align=\u00a0\u00bbleft\u00a0\u00bb background_image_as_pattern=\u00a0\u00bbwithout_pattern\u00a0\u00bb css=\u00a0\u00bb.vc_custom_1753828334218{padding-top: 60px !important;padding-bottom: 60px !important;background-color: #FFFFFF !important;}\u00a0\u00bb z_index=\u00a0\u00bb\u00a0\u00bb][vc_column][vc_row_inner row_type=\u00a0\u00bbrow\u00a0\u00bb type=\u00a0\u00bbgrid\u00a0\u00bb text_align=\u00a0\u00bbleft\u00a0\u00bb css_animation=\u00a0\u00bb\u00a0\u00bb][vc_column_inner][vc_column_text css=\u00a0\u00bb\u00a0\u00bb]\n\n\n<div id=\"wpv-view-layout-743\" class=\"js-wpv-view-layout js-wpv-layout-responsive js-wpv-view-layout-743\" data-viewnumber=\"743\" data-pagination=\"{&quot;id&quot;:743,&quot;query&quot;:&quot;normal&quot;,&quot;type&quot;:&quot;disabled&quot;,&quot;effect&quot;:&quot;fade&quot;,&quot;duration&quot;:500,&quot;speed&quot;:5,&quot;pause_on_hover&quot;:&quot;enabled&quot;,&quot;stop_rollover&quot;:&quot;false&quot;,&quot;cache_pages&quot;:&quot;enabled&quot;,&quot;preload_images&quot;:&quot;enabled&quot;,&quot;preload_pages&quot;:&quot;enabled&quot;,&quot;preload_reach&quot;:1,&quot;spinner&quot;:&quot;builtin&quot;,&quot;spinner_image&quot;:&quot;https:\/\/bayviewpartners.ca\/wp-content\/plugins\/wp-views\/embedded\/res\/img\/ajax-loader.gif&quot;,&quot;callback_next&quot;:&quot;&quot;,&quot;manage_history&quot;:&quot;enabled&quot;,&quot;has_controls_in_form&quot;:&quot;disabled&quot;,&quot;infinite_tolerance&quot;:&quot;0&quot;,&quot;max_pages&quot;:0,&quot;page&quot;:1,&quot;base_permalink&quot;:&quot;\/fr\/wp-json\/wp\/v2\/pages\/753?wpv_view_count=743&amp;wpv_paged=WPV_PAGE_NUM&quot;,&quot;loop&quot;:{&quot;type&quot;:&quot;&quot;,&quot;name&quot;:&quot;&quot;,&quot;data&quot;:[],&quot;id&quot;:0}}\" data-permalink=\"\/fr\/wp-json\/wp\/v2\/pages\/753?wpv_view_count=743\">\n\n\t\n\t\n\t\n\t\t\n\t\n\t\t\n\t\n\t\t\n\t\n\t\t\n\t\n\t\t\n\t\n\t\t<div class=\"vc_col-sm-6\">\n  <div class=\"property-container\">\n    <div class=\"p-image\"><img src='https:\/\/bayviewpartners.ca\/wp-content\/uploads\/2024\/10\/12650-12768-Industriel-Pointe-aux-Trembles-scaled-wpcf_635x317.jpeg'><\/div>\n    <div class=\"p-title\">\n    <a href=\"https:\/\/maps.app.goo.gl\/Xmh6PedxvVy7fQne7\" target=\"_blank\" rel=\"noopener\"><div class=\"p-title-text\">12650-12768 Industriel<\/div><div class=\"p-title-city\"><i class=\"qode_icon_font_awesome_5 fa5 fa fa-map-marker-alt qode_icon_element\"><\/i>&nbsp;Pointe-aux-Trembles, QC<\/div><\/a>\n    <\/div>\n    <div class=\"p-desc\"><p>12650-12768 Industriel is a collection of two adjacent buildings in Pointe-aux-Trembles (Montreal East) totaling 74,000 SF across 56 units. These contractor garage-style units serve businesses local to Montreal\u2019s East-end.<\/p>\n<\/div>\n    <div class=\"text-center m-t-20\"><a itemprop=\"url\" href=\"https:\/\/bayviewpartners.ca\/fr\/property\/12650-12768-industriel\/\" target=\"_self\" class=\"qbutton  default\" style=\"\" rel=\"noopener\">D\u00e9tails de la propri\u00e9t\u00e9<\/a><\/div>\n  <\/div>\n<\/div>\n\t\n\t\t\n\t\n\t\t\n\t\n\t\t\n\t\n\t\t\n\t\n\t\t\n\t\n\t\n\t\n\t\n<\/div>\n[\/vc_column_text][vc_empty_space height=\u00a0\u00bb270px\u00a0\u00bb][\/vc_column_inner][\/vc_row_inner][\/vc_column][\/vc_row]<\/p>\n<\/div>","protected":false},"excerpt":{"rendered":"Disponibilit\u00e9s {!{wpv-view name='availabilities'}!}","protected":false},"author":1,"featured_media":0,"parent":0,"menu_order":0,"comment_status":"closed","ping_status":"closed","template":"","meta":{"footnotes":""},"class_list":["post-753","page","type-page","status-publish","hentry"],"_links":{"self":[{"href":"https:\/\/bayviewpartners.ca\/fr\/wp-json\/wp\/v2\/pages\/753"}],"collection":[{"href":"https:\/\/bayviewpartners.ca\/fr\/wp-json\/wp\/v2\/pages"}],"about":[{"href":"https:\/\/bayviewpartners.ca\/fr\/wp-json\/wp\/v2\/types\/page"}],"author":[{"embeddable":true,"href":"https:\/\/bayviewpartners.ca\/fr\/wp-json\/wp\/v2\/users\/1"}],"replies":[{"embeddable":true,"href":"https:\/\/bayviewpartners.ca\/fr\/wp-json\/wp\/v2\/comments?post=753"}],"version-history":[{"count":3,"href":"https:\/\/bayviewpartners.ca\/fr\/wp-json\/wp\/v2\/pages\/753\/revisions"}],"predecessor-version":[{"id":757,"href":"https:\/\/bayviewpartners.ca\/fr\/wp-json\/wp\/v2\/pages\/753\/revisions\/757"}],"wp:attachment":[{"href":"https:\/\/bayviewpartners.ca\/fr\/wp-json\/wp\/v2\/media?parent=753"}],"curies":[{"name":"wp","href":"https:\/\/api.w.org\/{rel}","templated":true}]}}